{"id":131,"date":"2015-11-06T07:34:46","date_gmt":"2015-11-06T07:34:46","guid":{"rendered":"http:\/\/drugshortage.ch\/?page_id=131"},"modified":"2022-11-07T11:56:51","modified_gmt":"2022-11-07T10:56:51","slug":"zugang-fuer-firmen","status":"publish","type":"page","link":"https:\/\/www.drugshortage.ch\/index.php\/zugang-fuer-firmen\/","title":{"rendered":"Zugang f\u00fcr Firmen"},"content":{"rendered":"<p>Firmen haben selbstverst\u00e4ndlich auch die M\u00f6glichkeit einen Zugang zu erhalten. Das w\u00e4re an sich sogar das Ziel, dass die Firmen selber die Daten aktuell halten.<br \/>\nFirmen\u00a0k\u00f6nnen sich auf der Webseite registrieren und ein eigenes Login beantragen.\u00a0Es gibt allerdings nur die M\u00f6glichkeit eigene Meldungen zu mutieren.<br \/>\nSollte eine Meldung von Dritten nicht aktuell sein, so setzen Sie sich bitte mit dem\u00a0Webmaster in Verbindung, so k\u00f6nnen Meldungen auf Sie \u00fcbertragen werden.<\/p>\n<p>Es gibt auch die M\u00f6glichkeit exklusiven Zugang zu den eigenen Firmendaten zu erhalten.<br \/>\nDieser Service ist allerdings nicht kostenlos.\u00a0 Gegen eine Geb\u00fchr von 400.- pro Jahr und der Anerkennung der allgemeinen Gesch\u00e4ftsbedingungen k\u00f6nnen wir f\u00fcr Sie diesen Exclusive Access einrichten. Nehmen Sie mit uns Kontakt auf<\/p>\n<p>info (at) drugshortage.ch<\/p>\n<p>Aktuell melden 35 Firmen selber ihre Lieferengp\u00e4sse und beteiligen sich aktiv am Update ihrer Meldungen. Genau das ist das Ziel !<\/p>\n<p>Sie k\u00f6nnen einen Beitrag via dem untenstehenden Paypal Formular\u00a0einzahlen.<br \/>\nOder direkt an die IBAN Nr.\u00a0 CH5708393052632977146 bei der<br \/>\nBank EKI Genossenschaft in Interlaken (EKIICH22XXX) lautend auf die<br \/>\nFirma Martinelli Consulting GmbH<\/p>\n","protected":false},"excerpt":{"rendered":"<p>Firmen haben selbstverst\u00e4ndlich auch die M\u00f6glichkeit einen Zugang zu erhalten. Das w\u00e4re an sich sogar das Ziel, dass die Firmen selber die Daten aktuell halten. Firmen\u00a0k\u00f6nnen sich auf der Webseite registrieren und ein eigenes Login beantragen.\u00a0Es gibt allerdings nur die M\u00f6glichkeit eigene Meldungen zu mutieren. Sollte eine Meldung von Dritten nicht aktuell sein, so setzen&hellip; <a class=\"read-more\" href=\"https:\/\/www.drugshortage.ch\/index.php\/zugang-fuer-firmen\/\">Read More<\/a><\/p>\n","protected":false},"author":1,"featured_media":0,"parent":0,"menu_order":0,"comment_status":"closed","ping_status":"closed","template":"page-nosidebar.php","meta":{"footnotes":""},"class_list":["post-131","page","type-page","status-publish","hentry"],"_links":{"self":[{"href":"https:\/\/www.drugshortage.ch\/index.php\/wp-json\/wp\/v2\/pages\/131","targetHints":{"allow":["GET"]}}],"collection":[{"href":"https:\/\/www.drugshortage.ch\/index.php\/wp-json\/wp\/v2\/pages"}],"about":[{"href":"https:\/\/www.drugshortage.ch\/index.php\/wp-json\/wp\/v2\/types\/page"}],"author":[{"embeddable":true,"href":"https:\/\/www.drugshortage.ch\/index.php\/wp-json\/wp\/v2\/users\/1"}],"replies":[{"embeddable":true,"href":"https:\/\/www.drugshortage.ch\/index.php\/wp-json\/wp\/v2\/comments?post=131"}],"version-history":[{"count":1,"href":"https:\/\/www.drugshortage.ch\/index.php\/wp-json\/wp\/v2\/pages\/131\/revisions"}],"predecessor-version":[{"id":20941,"href":"https:\/\/www.drugshortage.ch\/index.php\/wp-json\/wp\/v2\/pages\/131\/revisions\/20941"}],"wp:attachment":[{"href":"https:\/\/www.drugshortage.ch\/index.php\/wp-json\/wp\/v2\/media?parent=131"}],"curies":[{"name":"wp","href":"https:\/\/api.w.org\/{rel}","templated":true}]}}