{"id":149,"date":"2015-11-27T07:31:23","date_gmt":"2015-11-27T07:31:23","guid":{"rendered":"http:\/\/drugshortage.ch\/?page_id=149"},"modified":"2016-09-19T07:33:07","modified_gmt":"2016-09-19T07:33:07","slug":"falls-meldungen-nicht-aktuell-sind","status":"publish","type":"page","link":"https:\/\/www.drugshortage.ch\/index.php\/falls-meldungen-nicht-aktuell-sind\/","title":{"rendered":"Falls Meldungen nicht aktuell sind"},"content":{"rendered":"<p>Falls Meldungen nicht aktuell sind kann das folgende Hintergr\u00fcnde haben :<\/p>\n<ol>\n<li>Die Firmen haben die M\u00f6glichkeit die Meldungen selber einzugeben.\u00a0 Tun sie dies nicht, dann tut dies &#8222;der Markt&#8220;. Und der hat prim\u00e4r Interesse daran, dass Meldungen rasch aufgef\u00fchrt werden. Dass Meldungen wieder raus gehen, kann l\u00e4nger dauern &#8230;;\u00a0 Firmen k\u00f6nnen sich ebenfalls auf der Webseite registrieren und ihre Meldungen selber eingeben. Sie m\u00fcssen einfach mit den Meldungen schneller sein als &#8222;der Markt&#8220;.<\/li>\n<li>Die Firmen haben die M\u00f6glichkeit ihre Daten exklusiv selber zu pflegen (Exclusive Access);\u00a0 Die Firmen verpflichten sich, ihre Daten w\u00f6chentlich zu aktualisieren. Im Gegenzug sperrt Drugshortage.ch den Zugang auf die entsprechenden Artikel f\u00fcr andere Nutzer. Drugshortage.ch verpflichtet sich auch die &#8222;Konkurrenz-Daten&#8220; zu pflegen. Hier kann es zu Verz\u00f6gerungen kommen, da die Datenaktualisierung 1 x pro Woche erfolgt.<\/li>\n<li>Werden Produkte bei den Firmen wieder gelagert heisst das noch nicht, dass sie im Markt erh\u00e4ltlich sind. Relevant ist das Datum der Wiederverf\u00fcgbarkeit im Markt.<\/li>\n<li>Unsere Webseite basiert auf freiwilligen Meldungen von Firmen und Usern.\u00a0Es gibt keine Garantie daf\u00fcr dass der \u00dcberblick vollst\u00e4ndig ist. Falls Sie ein Pr\u00e4parat vermissen, dann registrieren Sie sich bitte als User und geben die Meldung ein. Sie gehen damit jedoch auch die Verpflichtung ein allf\u00e4llige Status-Updates nachzutragen.<\/li>\n<\/ol>\n<div>Nicht zufrieden ?\u00a0 Machen Sie&#8217;s einfach besser !\u00a0\u00a0 oder sagen Sie uns wie wir uns verbessern k\u00f6nnen.<\/div>\n","protected":false},"excerpt":{"rendered":"<p>Falls Meldungen nicht aktuell sind kann das folgende Hintergr\u00fcnde haben : Die Firmen haben die M\u00f6glichkeit die Meldungen selber einzugeben.\u00a0 Tun sie dies nicht, dann tut dies &#8222;der Markt&#8220;. Und der hat prim\u00e4r Interesse daran, dass Meldungen rasch aufgef\u00fchrt werden. Dass Meldungen wieder raus gehen, kann l\u00e4nger dauern &#8230;;\u00a0 Firmen k\u00f6nnen sich ebenfalls auf der&hellip; <a class=\"read-more\" href=\"https:\/\/www.drugshortage.ch\/index.php\/falls-meldungen-nicht-aktuell-sind\/\">Read More<\/a><\/p>\n","protected":false},"author":1,"featured_media":0,"parent":0,"menu_order":0,"comment_status":"closed","ping_status":"closed","template":"page-nosidebar.php","meta":{"footnotes":""},"class_list":["post-149","page","type-page","status-publish","hentry"],"_links":{"self":[{"href":"https:\/\/www.drugshortage.ch\/index.php\/wp-json\/wp\/v2\/pages\/149","targetHints":{"allow":["GET"]}}],"collection":[{"href":"https:\/\/www.drugshortage.ch\/index.php\/wp-json\/wp\/v2\/pages"}],"about":[{"href":"https:\/\/www.drugshortage.ch\/index.php\/wp-json\/wp\/v2\/types\/page"}],"author":[{"embeddable":true,"href":"https:\/\/www.drugshortage.ch\/index.php\/wp-json\/wp\/v2\/users\/1"}],"replies":[{"embeddable":true,"href":"https:\/\/www.drugshortage.ch\/index.php\/wp-json\/wp\/v2\/comments?post=149"}],"version-history":[{"count":0,"href":"https:\/\/www.drugshortage.ch\/index.php\/wp-json\/wp\/v2\/pages\/149\/revisions"}],"wp:attachment":[{"href":"https:\/\/www.drugshortage.ch\/index.php\/wp-json\/wp\/v2\/media?parent=149"}],"curies":[{"name":"wp","href":"https:\/\/api.w.org\/{rel}","templated":true}]}}