{"id":163,"date":"2015-12-15T10:55:46","date_gmt":"2015-12-15T10:55:46","guid":{"rendered":"http:\/\/drugshortage.ch\/?page_id=163"},"modified":"2022-12-27T13:42:03","modified_gmt":"2022-12-27T12:42:03","slug":"neuen-user-registrieren","status":"publish","type":"page","link":"https:\/\/www.drugshortage.ch\/index.php\/neuen-user-registrieren\/","title":{"rendered":"neuen User registrieren"},"content":{"rendered":"<h3><strong>Hier werden NUR &#8222;Melder f\u00fcr Drugshortage.ch&#8220; registriert. Keine Newsletterregistrierung<\/strong><\/h3>\n<h3><strong>Ici sont enregistr\u00e9s UNIQUEMENT les &#8222;d\u00e9clarants pour Drugshortage.ch&#8220;.\u00a0 Pas d&#8217;inscription \u00e0 la newsletter<\/strong><\/h3>\n<p><strong><div id=\"wpmem_reg\"><a id=\"register\"><\/a><form name=\"form\" method=\"post\" action=\"https:\/\/www.drugshortage.ch\/index.php\/neuen-user-registrieren\/\" id=\"wpmem_register_form\" class=\"form\"><input type=\"hidden\" id=\"_wpmem_register_nonce\" name=\"_wpmem_register_nonce\" value=\"756559e54e\" \/><input type=\"hidden\" name=\"_wp_http_referer\" value=\"\/index.php\/wp-json\/wp\/v2\/pages\/163\" \/><fieldset><legend>Registrieren<\/legend><label for=\"username\" class=\"text\">Einen Benutzernamen ausw\u00e4hlen<span class=\"req\">*<\/span><\/label><div class=\"div_text\"><input name=\"username\" type=\"text\" id=\"username\" value=\"\" class=\"textbox\" required  \/><\/div><label for=\"first_name\" class=\"text\">Vorname<span class=\"req\">*<\/span><\/label><div class=\"div_text\"><input name=\"first_name\" type=\"text\" id=\"first_name\" value=\"\" class=\"textbox\" required  \/><\/div><label for=\"last_name\" class=\"text\">Nachname<span class=\"req\">*<\/span><\/label><div class=\"div_text\"><input name=\"last_name\" type=\"text\" id=\"last_name\" value=\"\" class=\"textbox\" required  \/><\/div><label for=\"FirmaSpital\" class=\"text\">FIrma \/ Spital<span class=\"req\">*<\/span><\/label><div class=\"div_text\"><input name=\"FirmaSpital\" type=\"text\" id=\"FirmaSpital\" value=\"\" class=\"textbox\" required  \/><\/div><label for=\"city\" class=\"text\">Stadt<span class=\"req\">*<\/span><\/label><div class=\"div_text\"><input name=\"city\" type=\"text\" id=\"city\" value=\"\" class=\"textbox\" required  \/><\/div><label for=\"zip\" class=\"text\">PLZ<span class=\"req\">*<\/span><\/label><div class=\"div_text\"><input name=\"zip\" type=\"text\" id=\"zip\" value=\"\" class=\"textbox\" required  \/><\/div><label for=\"country\" class=\"text\">Land<span class=\"req\">*<\/span><\/label><div class=\"div_text\"><input name=\"country\" type=\"text\" id=\"country\" value=\"\" class=\"textbox\" required  \/><\/div><label for=\"phone1\" class=\"text\">Telefon tags\u00fcber<span class=\"req\">*<\/span><\/label><div class=\"div_text\"><input name=\"phone1\" type=\"text\" id=\"phone1\" value=\"\" class=\"textbox\" required  \/><\/div><label for=\"user_email\" class=\"text\">E-Mail<span class=\"req\">*<\/span><\/label><div class=\"div_text\"><input name=\"user_email\" type=\"text\" id=\"user_email\" value=\"\" class=\"textbox\" required  \/><\/div><label for=\"confirm_email\" class=\"text\">E-Mail-Adresse wiederholen<span class=\"req\">*<\/span><\/label><div class=\"div_text\"><input name=\"confirm_email\" type=\"text\" id=\"confirm_email\" value=\"\" class=\"textbox\" required  \/><\/div><label for=\"password\" class=\"text\">Passwort<span class=\"req\">*<\/span><\/label><div class=\"div_text\"><input name=\"password\" type=\"password\" id=\"password\" class=\"textbox\" required  \/><\/div><label for=\"confirm_password\" class=\"text\">Passwort wiederholen<span class=\"req\">*<\/span><\/label><div class=\"div_text\"><input name=\"confirm_password\" type=\"password\" id=\"confirm_password\" class=\"textbox\" required  \/><\/div><label for=\"agb\" class=\"checkbox\">Ich nehme zur Kenntnis, dass ich f\u00fcr die Mutation meiner Meldungen verantwortlich bin<span class=\"req\">*<\/span><\/label><div class=\"div_checkbox\"><input name=\"agb\" type=\"checkbox\" id=\"agb\" value=\"agb\" required  \/><\/div><div class=\"uncr-g-recaptcha\"><\/div><!-- Mailchimp for WordPress v4.12.2 - https:\/\/www.mc4wp.com\/ --><input type=\"hidden\" name=\"_mc4wp_subscribe_wp-registration-form\" value=\"0\" \/><p class=\"mc4wp-checkbox mc4wp-checkbox-wp-registration-form \"><label><input type=\"checkbox\" name=\"_mc4wp_subscribe_wp-registration-form\" value=\"1\" ><span>Registrieren Sie mich f\u00fcr den Newsletter<\/span><\/label><\/p><!-- \/ Mailchimp for WordPress --><div class=\"clear\"><\/div><div class=\"captcha\"><script src=\"https:\/\/www.google.com\/recaptcha\/api.js\" async defer><\/script><div class=\"g-recaptcha\" data-sitekey=\"6LeXYAoTAAAAAFC3i_QqBH_QLexRCftvEDMChQOG\"><\/div><\/div><input name=\"a\" type=\"hidden\" value=\"register\" \/><input name=\"wpmem_reg_page\" type=\"hidden\" value=\"https:\/\/www.drugshortage.ch\/index.php\/neuen-user-registrieren\/\" \/><div class=\"button_div\"><input name=\"submit\" type=\"submit\" value=\"Registrieren\" class=\"buttons\" \/><\/div><div class=\"req-text\"><span class=\"req\">*<\/span>Pflichtfeld<\/div><\/fieldset><\/form><\/div><\/strong><\/p>\n<h4>Um den <strong>Newsletter<\/strong> zu abonnieren sind Sie hier falsch.<br \/>\nSie finden Sie den Zugang hier : <a href=\"http:\/\/drugshortage.ch\/index.php\/newsletter\/\">https:\/\/drugshortage.ch\/index.php\/newsletter\/<\/a><br \/>\nDer Newsletter muss separat abonniert werden.<\/h4>\n<h4>Pour vous abonner \u00e0 la <strong>newsletter<\/strong>, vous \u00eates au mauvais endroit.<br \/>\nVous trouverez l&#8217;acc\u00e8s ici :<a href=\"https:\/\/drugshortage.ch\/index.php\/newsletter\/\"> https:\/\/drugshortage.ch\/index.php\/newsletter\/<\/a><br \/>\nIl faut s&#8217;abonner s\u00e9par\u00e9ment \u00e0 la newsletter.<\/h4>\n","protected":false},"excerpt":{"rendered":"<p>Hier werden NUR &#8222;Melder f\u00fcr Drugshortage.ch&#8220; registriert. Keine Newsletterregistrierung Ici sont enregistr\u00e9s UNIQUEMENT les &#8222;d\u00e9clarants pour Drugshortage.ch&#8220;.\u00a0 Pas d&#8217;inscription \u00e0 la newsletter Um den Newsletter zu abonnieren sind Sie hier falsch. Sie finden Sie den Zugang hier : https:\/\/drugshortage.ch\/index.php\/newsletter\/ Der Newsletter muss separat abonniert werden. Pour vous abonner \u00e0 la newsletter, vous \u00eates au mauvais&hellip; <a class=\"read-more\" href=\"https:\/\/www.drugshortage.ch\/index.php\/neuen-user-registrieren\/\">Read More<\/a><\/p>\n","protected":false},"author":1,"featured_media":0,"parent":0,"menu_order":0,"comment_status":"closed","ping_status":"closed","template":"page-nosidebar.php","meta":{"footnotes":""},"class_list":["post-163","page","type-page","status-publish","hentry"],"_links":{"self":[{"href":"https:\/\/www.drugshortage.ch\/index.php\/wp-json\/wp\/v2\/pages\/163","targetHints":{"allow":["GET"]}}],"collection":[{"href":"https:\/\/www.drugshortage.ch\/index.php\/wp-json\/wp\/v2\/pages"}],"about":[{"href":"https:\/\/www.drugshortage.ch\/index.php\/wp-json\/wp\/v2\/types\/page"}],"author":[{"embeddable":true,"href":"https:\/\/www.drugshortage.ch\/index.php\/wp-json\/wp\/v2\/users\/1"}],"replies":[{"embeddable":true,"href":"https:\/\/www.drugshortage.ch\/index.php\/wp-json\/wp\/v2\/comments?post=163"}],"version-history":[{"count":6,"href":"https:\/\/www.drugshortage.ch\/index.php\/wp-json\/wp\/v2\/pages\/163\/revisions"}],"predecessor-version":[{"id":20950,"href":"https:\/\/www.drugshortage.ch\/index.php\/wp-json\/wp\/v2\/pages\/163\/revisions\/20950"}],"wp:attachment":[{"href":"https:\/\/www.drugshortage.ch\/index.php\/wp-json\/wp\/v2\/media?parent=163"}],"curies":[{"name":"wp","href":"https:\/\/api.w.org\/{rel}","templated":true}]}}