{"id":18830,"date":"2019-11-30T17:39:40","date_gmt":"2019-11-30T17:39:40","guid":{"rendered":"http:\/\/drugshortage.ch\/?page_id=18830"},"modified":"2023-03-29T14:22:18","modified_gmt":"2023-03-29T12:22:18","slug":"versorgungsengpaesse","status":"publish","type":"page","link":"https:\/\/www.drugshortage.ch\/index.php\/versorgungsengpaesse\/","title":{"rendered":"Versorgungsengp\u00e4sse"},"content":{"rendered":"\n<p>Die Abfrage dieser Seite ist sehr aufw\u00e4ndig. Deshalb dauert es eine Weile bis die dazugeh\u00f6rende Tabelle erscheint.<\/p>\n\n\n\n<p>Versorgungsengp\u00e4sse sind dann gegeben, wenn alle Pr\u00e4parate eines Wirkstoffes in einer bestimmten Form\/Dosierung fehlen. D.h. die Austauschbarkeit ist nicht gegeben.<br>Auf der folgenden Tabelle ist der %-Anteil der nicht lieferbaren Formen\/Dosierungen von einzelnen Wirkstoffen zu finden.<br>Die Tabelle macht keine Aussagen \u00fcber die bisherigen Marktanteile. D.h. wenn z.B. 50% der Pr\u00e4parate der entsprechenden Form\/Dosierung fehlt, dann kann das unter Umst\u00e4nden die Mehrheit des bisherigen Marktes betreffen oder nur geringf\u00fcgige Auswirkungen haben. Bei 100% hingegen ist die Ausgangslage sehr klar.<\/p>\n\n\n\n<style>\n       .errordiv { padding:10px; margin:10px; border: 1px solid #555555;color: #000000;background-color: #f8f8f8; width:500px; }#advanced_iframe {visibility:visible;opacity:1;vertical-align:top;}.ai-info-bottom-iframe { position: fixed; z-index: 10000; bottom:0; left: 0; margin: 0px; text-align: center; width: 100%; background-color: #ff9999; padding-left: 5px;padding-bottom: 5px; border-top: 1px solid #aaa } a.ai-bold {font-weight: bold;}#ai-layer-div-advanced_iframe p {height:100%;margin:0;padding:0}<\/style><script type=\"text\/javascript\">var ai_iframe_width_advanced_iframe = 0;var ai_iframe_height_advanced_iframe = 0;var aiOnloadScrollTop=\"true\";var aiShowDebug=false;\n\t\tif (typeof aiReadyCallbacks === 'undefined') {\n\t\t\tvar aiReadyCallbacks = [];\n\t\t} else if (!(aiReadyCallbacks instanceof Array)) {\n\t\t\tvar aiReadyCallbacks = [];\n\t\t}    function aiShowIframeId(id_iframe) { jQuery(\"#\"+id_iframe).css(\"visibility\", \"visible\");    }    function aiResizeIframeHeight(height) { aiResizeIframeHeight(height,advanced_iframe); }    function aiResizeIframeHeightId(height,width,id) {aiResizeIframeHeightById(id,height);}<\/script><iframe id=\"advanced_iframe\"  name=\"advanced_iframe\"  src=\"https:\/\/drugshortage.ch\/VersorgungsengpaesseATCWEGFORMDOSIERUNG.aspx\"  width=\"100%\"  height=\"5000\"  scrolling=\"auto\"  frameborder=\"0\"  border=\"0\"  allowtransparency=\"true\"  loading=\"lazy\"  style=\";border-width: 0px;;border: none;;width:100%;;height:5000px;\" ><\/iframe><script type=\"text\/javascript\">var ifrm_advanced_iframe = document.getElementById(\"advanced_iframe\");var hiddenTabsDoneadvanced_iframe = false;\nfunction resizeCallbackadvanced_iframe() {}<\/script><script type=\"text\/javascript\">function local_resize_advanced_iframe(timeout) {\n            if (timeout != 0) {\n               setTimeout(function() { aiResizeIframe(ifrm_advanced_iframe, \"\",\"1\")},timeout);\n            } else {\n               aiResizeIframe(ifrm_advanced_iframe, \"\",\"1\");\n            }\n          }function ai_jquery_ajax_resize_advanced_iframe() {\n            jQuery(\"#advanced_iframe\").bind(\"load\",function(){\n            doc = this.contentWindow.document;doc.addEventListener(\"click\", function(evt) {  if (aiCheckIfValidTarget(evt,\"a\")) { local_resize_advanced_iframe(100); }}, true);});\n          }ai_jquery_ajax_resize_advanced_iframe();<\/script>\n","protected":false},"excerpt":{"rendered":"<p>Die Abfrage dieser Seite ist sehr aufw\u00e4ndig. Deshalb dauert es eine Weile bis die dazugeh\u00f6rende Tabelle erscheint. Versorgungsengp\u00e4sse sind dann gegeben, wenn alle Pr\u00e4parate eines Wirkstoffes in einer bestimmten Form\/Dosierung fehlen. D.h. die Austauschbarkeit ist nicht gegeben.Auf der folgenden Tabelle ist der %-Anteil der nicht lieferbaren Formen\/Dosierungen von einzelnen Wirkstoffen zu finden.Die Tabelle macht keine&hellip; <a class=\"read-more\" href=\"https:\/\/www.drugshortage.ch\/index.php\/versorgungsengpaesse\/\">Read More<\/a><\/p>\n","protected":false},"author":1,"featured_media":0,"parent":0,"menu_order":0,"comment_status":"closed","ping_status":"closed","template":"page-nosidebar.php","meta":{"footnotes":""},"class_list":["post-18830","page","type-page","status-publish","hentry"],"_links":{"self":[{"href":"https:\/\/www.drugshortage.ch\/index.php\/wp-json\/wp\/v2\/pages\/18830","targetHints":{"allow":["GET"]}}],"collection":[{"href":"https:\/\/www.drugshortage.ch\/index.php\/wp-json\/wp\/v2\/pages"}],"about":[{"href":"https:\/\/www.drugshortage.ch\/index.php\/wp-json\/wp\/v2\/types\/page"}],"author":[{"embeddable":true,"href":"https:\/\/www.drugshortage.ch\/index.php\/wp-json\/wp\/v2\/users\/1"}],"replies":[{"embeddable":true,"href":"https:\/\/www.drugshortage.ch\/index.php\/wp-json\/wp\/v2\/comments?post=18830"}],"version-history":[{"count":11,"href":"https:\/\/www.drugshortage.ch\/index.php\/wp-json\/wp\/v2\/pages\/18830\/revisions"}],"predecessor-version":[{"id":21008,"href":"https:\/\/www.drugshortage.ch\/index.php\/wp-json\/wp\/v2\/pages\/18830\/revisions\/21008"}],"wp:attachment":[{"href":"https:\/\/www.drugshortage.ch\/index.php\/wp-json\/wp\/v2\/media?parent=18830"}],"curies":[{"name":"wp","href":"https:\/\/api.w.org\/{rel}","templated":true}]}}