{"id":20847,"date":"2020-04-03T05:49:17","date_gmt":"2020-04-03T05:49:17","guid":{"rendered":"http:\/\/www.drugshortage.ch\/?page_id=20847"},"modified":"2020-04-06T06:41:48","modified_gmt":"2020-04-06T06:41:48","slug":"cov","status":"publish","type":"page","link":"https:\/\/www.drugshortage.ch\/index.php\/cov\/","title":{"rendered":"Meldungen \/ Auswertungen CoviD-19"},"content":{"rendered":"\n<p><a rel=\"noreferrer noopener\" href=\"https:\/\/www.bag.admin.ch\/bag\/de\/home\/medizin-und-forschung\/heilmittel\/covid19_vo_2.html\" target=\"_blank\"><strong>Wichtig :\u00a0vor der Erfassung lesen Sie bitte die aktuelle Information des Bundes<\/strong><\/a>                <\/p>\n\n\n\n<p><strong><a href=\"https:\/\/www.bag.admin.ch\/bag\/fr\/home\/medizin-und-forschung\/heilmittel\/covid19_vo_2.html\" target=\"_blank\" rel=\"noreferrer noopener\">Important : avant de saisir les chiffres veuillez svp lire l&#8217;information actuelle de la conf\u00e9d\u00e9ration<\/a><\/strong><\/p>\n\n\n\n<p><a rel=\"noreferrer noopener\" href=\"https:\/\/www.drugshortage.ch\/cov19hosp\/DataCollectcov.aspx\" target=\"_blank\">Access Spit\u00e4ler \/ H\u00f4pitaux<\/a>        <br><a rel=\"noreferrer noopener\" href=\"https:\/\/www.drugshortage.ch\/cov19Auth\/DataReportCov.aspx\" target=\"_blank\">Access Beh\u00f6rden \/ Autorit\u00e9s<\/a><\/p>\n\n\n\n<p>Das Login wurde durch die GSASA respektive das BWL verteilt<br>F\u00fcr weitere Informationen : <a href=\"mailto:hmr_covid@bag.admin.ch\">hmr_covid@bag.admin.ch<\/a><\/p>\n\n\n\n<p>Le Login etait distribu\u00e9 par la GSASA oubien l&#8217;OFAE. Pour Infos: <a href=\"mailto:hmr_covid@bag.admin.ch\">hmr_covid@bag.admin.ch<\/a><\/p>\n","protected":false},"excerpt":{"rendered":"<p>Wichtig :\u00a0vor der Erfassung lesen Sie bitte die aktuelle Information des Bundes Important : avant de saisir les chiffres veuillez svp lire l&#8217;information actuelle de la conf\u00e9d\u00e9ration Access Spit\u00e4ler \/ H\u00f4pitaux Access Beh\u00f6rden \/ Autorit\u00e9s Das Login wurde durch die GSASA respektive das BWL verteiltF\u00fcr weitere Informationen : hmr_covid@bag.admin.ch Le Login etait distribu\u00e9 par la&hellip; <a class=\"read-more\" href=\"https:\/\/www.drugshortage.ch\/index.php\/cov\/\">Read More<\/a><\/p>\n","protected":false},"author":1,"featured_media":0,"parent":0,"menu_order":0,"comment_status":"closed","ping_status":"closed","template":"","meta":{"footnotes":""},"class_list":["post-20847","page","type-page","status-publish","hentry"],"_links":{"self":[{"href":"https:\/\/www.drugshortage.ch\/index.php\/wp-json\/wp\/v2\/pages\/20847","targetHints":{"allow":["GET"]}}],"collection":[{"href":"https:\/\/www.drugshortage.ch\/index.php\/wp-json\/wp\/v2\/pages"}],"about":[{"href":"https:\/\/www.drugshortage.ch\/index.php\/wp-json\/wp\/v2\/types\/page"}],"author":[{"embeddable":true,"href":"https:\/\/www.drugshortage.ch\/index.php\/wp-json\/wp\/v2\/users\/1"}],"replies":[{"embeddable":true,"href":"https:\/\/www.drugshortage.ch\/index.php\/wp-json\/wp\/v2\/comments?post=20847"}],"version-history":[{"count":6,"href":"https:\/\/www.drugshortage.ch\/index.php\/wp-json\/wp\/v2\/pages\/20847\/revisions"}],"predecessor-version":[{"id":20857,"href":"https:\/\/www.drugshortage.ch\/index.php\/wp-json\/wp\/v2\/pages\/20847\/revisions\/20857"}],"wp:attachment":[{"href":"https:\/\/www.drugshortage.ch\/index.php\/wp-json\/wp\/v2\/media?parent=20847"}],"curies":[{"name":"wp","href":"https:\/\/api.w.org\/{rel}","templated":true}]}}