{"id":30,"date":"2015-07-22T07:25:59","date_gmt":"2015-07-22T07:25:59","guid":{"rendered":"http:\/\/drugshortage.ch\/?page_id=30"},"modified":"2015-12-15T10:29:59","modified_gmt":"2015-12-15T10:29:59","slug":"uebersicht","status":"publish","type":"page","link":"https:\/\/www.drugshortage.ch\/index.php\/uebersicht\/","title":{"rendered":"Lieferengp\u00e4sse"},"content":{"rendered":"<div class=\"in_contentarea\">\n<p>Inhaber einer Zulassungsbewilligung f\u00fcr Medikamente m\u00fcssen diverse Massnahmen treffen, um die schweizerische Bev\u00f6lkerung ad\u00e4quat zu versorgen. Trotz dieser Massnahmen kann es Situationen geben, die zu Lieferengp\u00e4ssen in der Schweiz f\u00fchren.<\/p>\n<p>Auf dieser Webseite k\u00f6nnen die Nutzer aktuelle und gel\u00f6ste F\u00e4lle von Lieferengp\u00e4ssen abrufen (gel\u00f6ste F\u00e4lle ab der L\u00f6sung Herbst 2015). Da diese Webseite erst frisch gestartet wurde, ist erst ein kleiner Datenstamm vorhanden, der sich in den n\u00e4chsten Monaten vergr\u00f6ssern wird.<\/p>\n<p>In der Datenbank werden nur offiziell in der Schweiz zugelassene Medikamente aufgef\u00fchrt, also keine Lohnherstellungen und keine importierten Produkte.<\/p>\n<\/div>\n<div class=\"in_contentarea\">\n<p>Diese Plattform soll nur ein erster Schritt zur Transparenz sein. Wir gehen davon aus, dass die Industrie ihre Bem\u00fchungen weiter verst\u00e4rkt Lieferengp\u00e4sse zu vermeiden und wenn sie auftreten fr\u00fchzeitig, offen und transparent zu informieren. Mindestens f\u00fcr Medikamente bei denen ein Lieferengpass von mehr als 20 Tagen zu erwarten ist, sollte dies zur Selbstverst\u00e4ndlichkeit werden.<\/p>\n<\/div>\n","protected":false},"excerpt":{"rendered":"<p>Inhaber einer Zulassungsbewilligung f\u00fcr Medikamente m\u00fcssen diverse Massnahmen treffen, um die schweizerische Bev\u00f6lkerung ad\u00e4quat zu versorgen. Trotz dieser Massnahmen kann es Situationen geben, die zu Lieferengp\u00e4ssen in der Schweiz f\u00fchren. Auf dieser Webseite k\u00f6nnen die Nutzer aktuelle und gel\u00f6ste F\u00e4lle von Lieferengp\u00e4ssen abrufen (gel\u00f6ste F\u00e4lle ab der L\u00f6sung Herbst 2015). Da diese Webseite erst frisch&hellip; <a class=\"read-more\" href=\"https:\/\/www.drugshortage.ch\/index.php\/uebersicht\/\">Read More<\/a><\/p>\n","protected":false},"author":1,"featured_media":0,"parent":0,"menu_order":0,"comment_status":"closed","ping_status":"open","template":"page-nosidebar.php","meta":{"footnotes":""},"class_list":["post-30","page","type-page","status-publish","hentry"],"_links":{"self":[{"href":"https:\/\/www.drugshortage.ch\/index.php\/wp-json\/wp\/v2\/pages\/30","targetHints":{"allow":["GET"]}}],"collection":[{"href":"https:\/\/www.drugshortage.ch\/index.php\/wp-json\/wp\/v2\/pages"}],"about":[{"href":"https:\/\/www.drugshortage.ch\/index.php\/wp-json\/wp\/v2\/types\/page"}],"author":[{"embeddable":true,"href":"https:\/\/www.drugshortage.ch\/index.php\/wp-json\/wp\/v2\/users\/1"}],"replies":[{"embeddable":true,"href":"https:\/\/www.drugshortage.ch\/index.php\/wp-json\/wp\/v2\/comments?post=30"}],"version-history":[{"count":0,"href":"https:\/\/www.drugshortage.ch\/index.php\/wp-json\/wp\/v2\/pages\/30\/revisions"}],"wp:attachment":[{"href":"https:\/\/www.drugshortage.ch\/index.php\/wp-json\/wp\/v2\/media?parent=30"}],"curies":[{"name":"wp","href":"https:\/\/api.w.org\/{rel}","templated":true}]}}