{"id":50,"date":"2015-07-22T10:02:19","date_gmt":"2015-07-22T10:02:19","guid":{"rendered":"http:\/\/drugshortage.ch\/?page_id=50"},"modified":"2015-12-15T10:28:04","modified_gmt":"2015-12-15T10:28:04","slug":"legal-disclaimer","status":"publish","type":"page","link":"https:\/\/www.drugshortage.ch\/index.php\/legal-disclaimer\/","title":{"rendered":"Legal Disclaimer"},"content":{"rendered":"<p>Inhalte der Webseite<br \/>\nDer Inhalt dieser Internetseite wird mit bestem Wissen und Gewissen zur Verf\u00fcgung gestellt. Die Vollst\u00e4ndigkeit der Informationen ist ohne Gew\u00e4hr obschon jede Vorkehrung getroffen wurde, Fehler, Irrt\u00fcmer oder dergleichen zu vermeiden.\u00a0Die Martinelli Consulting GmbH haftet nicht f\u00fcr Sch\u00e4den irgendeiner Art, die sich aus der Verwendung dieser Informationen, dem in diese Informationen gesetzten Erwartungen oder irgendeinem damit in Zusammenhang stehenden Angaben ergeben.<br \/>\nDie Eintr\u00e4ge in der Datenbank stammen entweder von den Firmen selber oder von Meldungen von Apothekerinnen und Apothekern oder \u00c4rztinnen und \u00c4rzten. Prinzipien der Vertraulichkeit werden somit keine verletzt.<\/p>\n<p>Die Patientensicherheit wird h\u00f6her gewichtet als die zum Teil unter dem Siegel der Vertraulichkeit \u00fcbermittelten Meldungen \u00fcber Lieferengp\u00e4sse, da die Verordner, die Abgebenden und die betroffenen Patientinnen und Patienten so oder so beim Eintreten eines Lieferengpasses informiert werden m\u00fcssen.<\/p>\n<p>Copyright<br \/>\nDas Layout der Webseite, die Informationen, die verwendeten Grafiken und Bilder sowie einzelne Beitr\u00e4ge sind urheberrechtlich gesch\u00fctzt. Downloads oder Hard Copies von Seiten und\/oder Teile davon sowie Unterlagen, die auf dieser Webseite enthalten sind, d\u00fcrfen nur zu Informationszwecken erfolgen. Schutzmarken (oder eingetragene Warenzeichen) wurden nur f\u00fcr Erkl\u00e4rungen oder Bezeichnungen verwendet.<\/p>\n<p>Links zu externen Inhalten<br \/>\nIn keinem Fall haftet die Martinelli Consulting GmbH f\u00fcr den Inhalt der Websites zu denen Links angeboten werden. Diese Links werden als Service f\u00fcr die Nutzer der Webseite bereitgestellt. Ihre Inhalte macht sich die Martinelli Consulting GmbH ausdr\u00fccklich nicht zu eigen.<\/p>\n<p>Datenschutzbestimmungen\/Webanalyse<br \/>\nZwecks Erkennung von Trends und zur Verbesserung unseres Online-Angebotes werden einzig unpers\u00f6nliche Nutzungsdaten wie Ihre IP-Adresse, die zuletzt besuchte Seite, der verwendete Browser, Datum, Uhrzeit etc. anonymisiert ausgewertet. Dazu wird das Produkt &#8222;Google Analytics&#8220; verwendet.<br \/>\nAuszug aus den Google Analytics Bedingungen (Kapitel 8.1)<br \/>\n&#8222;Diese Website benutzt Google Analytics, einen Webanalysedienst der Google Inc. (&#8222;Google&#8220;). Google Analytics verwendet sog. &#8222;Cookies&#8220;, Textdateien, die auf Ihrem Computer gespeichert werden und die eine Analyse der Benutzung der Website durch Sie erm\u00f6glichen. Die durch den Cookie erzeugten Informationen \u00fcber Ihre Benutzung dieser Website werden in der Regel an einen Server von Google in den USA \u00fcbertragen und dort gespeichert. Im Falle der Aktivierung der IP-Anonymisierung auf dieser Webseite, wird Ihre IP-Adresse von Google jedoch innerhalb von Mitgliedstaaten der Europ\u00e4ischen Union oder in anderen Vertragsstaaten des Abkommens \u00fcber den Europ\u00e4ischen Wirtschaftsraum zuvor gek\u00fcrzt. Nur in Ausnahmef\u00e4llen wird die volle IP-Adresse an einen Server von Google in den USA \u00fcbertragen und dort gek\u00fcrzt. Im Auftrag des Betreibers dieser Website wird Google diese Informationen benutzen, um Ihre Nutzung der Website auszuwerten, um Reports \u00fcber die Websiteaktivit\u00e4ten zusammenzustellen und um weitere, mit der Websitenutzung und der Internetnutzung verbundene Dienstleistungen gegen\u00fcber dem Websitebetreiber, zu erbringen. Die im Rahmen von Google Analytics von Ihrem Browser \u00fcbermittelte IP-Adresse wird nicht mit anderen Daten von Google zusammengef\u00fchrt. Sie k\u00f6nnen die Speicherung der Cookies durch eine entsprechende Einstellung Ihrer Browser-Software verhindern; wir weisen Sie jedoch darauf hin, dass Sie in diesem Fall gegebenenfalls nicht s\u00e4mtliche Funktionen dieser Website vollumf\u00e4nglich nutzen k\u00f6nnen.&#8220;<br \/>\nGoogle Analytics Bedingungen:<br \/>\nhttp:\/\/www.google.com\/analytics\/terms\/de.html<\/p>\n<p>Rechtswirksamkeit<br \/>\nDie Martinelli Consulting GmbH lehnt, innerhalb der gesetzlichen Rahmenbedingungen, jegliche Haftung f\u00fcr eventuelle Sch\u00e4den ab, die Anwendern auf der Webseite oder verwandte Aktionen begegnen k\u00f6nnen. Sofern einzelne Formulierungen oder Teile dieses Textes der geltenden Rechtslage nicht, nicht mehr oder nicht mehr vollst\u00e4ndig entsprechen, bleiben die \u00fcbrigen Teile dieser Erkl\u00e4rung in ihrem Inhalt und ihrer G\u00fcltigkeit davon unber\u00fchrt.<br \/>\nBitte richten Sie Fragen oder Anmerkungen an:<br \/>\nMartinelli Consulting GmbH<br \/>\nL\u00e4rchenweg 13<br \/>\n3800 Matten bei Interlaken<\/p>\n<p>info [at] martinelli.consulting<\/p>\n","protected":false},"excerpt":{"rendered":"<p>Inhalte der Webseite Der Inhalt dieser Internetseite wird mit bestem Wissen und Gewissen zur Verf\u00fcgung gestellt. Die Vollst\u00e4ndigkeit der Informationen ist ohne Gew\u00e4hr obschon jede Vorkehrung getroffen wurde, Fehler, Irrt\u00fcmer oder dergleichen zu vermeiden.\u00a0Die Martinelli Consulting GmbH haftet nicht f\u00fcr Sch\u00e4den irgendeiner Art, die sich aus der Verwendung dieser Informationen, dem in diese Informationen gesetzten&hellip; <a class=\"read-more\" href=\"https:\/\/www.drugshortage.ch\/index.php\/legal-disclaimer\/\">Read More<\/a><\/p>\n","protected":false},"author":1,"featured_media":0,"parent":0,"menu_order":0,"comment_status":"closed","ping_status":"open","template":"page-nosidebar.php","meta":{"footnotes":""},"class_list":["post-50","page","type-page","status-publish","hentry"],"_links":{"self":[{"href":"https:\/\/www.drugshortage.ch\/index.php\/wp-json\/wp\/v2\/pages\/50","targetHints":{"allow":["GET"]}}],"collection":[{"href":"https:\/\/www.drugshortage.ch\/index.php\/wp-json\/wp\/v2\/pages"}],"about":[{"href":"https:\/\/www.drugshortage.ch\/index.php\/wp-json\/wp\/v2\/types\/page"}],"author":[{"embeddable":true,"href":"https:\/\/www.drugshortage.ch\/index.php\/wp-json\/wp\/v2\/users\/1"}],"replies":[{"embeddable":true,"href":"https:\/\/www.drugshortage.ch\/index.php\/wp-json\/wp\/v2\/comments?post=50"}],"version-history":[{"count":0,"href":"https:\/\/www.drugshortage.ch\/index.php\/wp-json\/wp\/v2\/pages\/50\/revisions"}],"wp:attachment":[{"href":"https:\/\/www.drugshortage.ch\/index.php\/wp-json\/wp\/v2\/media?parent=50"}],"curies":[{"name":"wp","href":"https:\/\/api.w.org\/{rel}","templated":true}]}}